{"id":15,"date":"2011-12-16T10:41:17","date_gmt":"2011-12-16T10:41:17","guid":{"rendered":"http:\/\/www.andechs-trail.de\/wordpress\/?page_id=15"},"modified":"2012-12-17T15:37:58","modified_gmt":"2012-12-17T15:37:58","slug":"strecke","status":"publish","type":"page","link":"http:\/\/www.andechs-trail.de\/?page_id=15","title":{"rendered":"Streckenprofile"},"content":{"rendered":"<div><\/div>\n<div id=\"idTextPanel\">Expert Trail (\u00c4nderungen vorbehalten) <\/p>\n<p><img loading=\"lazy\" decoding=\"async\" class=\"alignnone size-full wp-image-322\" title=\"Expert_Trail\" src=\"http:\/\/www.andechs-trail.de\/wp-content\/uploads\/2011\/12\/Expert_Trail.png\" alt=\"\" width=\"800\" height=\"300\" srcset=\"http:\/\/www.andechs-trail.de\/wp-content\/uploads\/2011\/12\/Expert_Trail.png 800w, http:\/\/www.andechs-trail.de\/wp-content\/uploads\/2011\/12\/Expert_Trail-300x112.png 300w, http:\/\/www.andechs-trail.de\/wp-content\/uploads\/2011\/12\/Expert_Trail-500x187.png 500w\" sizes=\"auto, (max-width: 800px) 100vw, 800px\" \/><br \/>\nWir bitten euch aus Gr\u00fcnden des Wildschutzes den ersten Teil des Experts Trails nicht vorher abzulaufen!<\/div>\n<p>&nbsp;<\/p>\n<div><\/div>\n<div><\/div>\n<div><\/div>\n<div>Beginner Trail (\u00c4nderungen vorbehalten)<\/div>\n<p><img loading=\"lazy\" decoding=\"async\" class=\"alignnone size-full wp-image-321\" title=\"Profil_Beginner_Trail\" src=\"http:\/\/www.andechs-trail.de\/wp-content\/uploads\/2011\/12\/B_T_schmaler.png\" alt=\"\" width=\"800\" height=\"300\" srcset=\"http:\/\/www.andechs-trail.de\/wp-content\/uploads\/2011\/12\/B_T_schmaler.png 800w, http:\/\/www.andechs-trail.de\/wp-content\/uploads\/2011\/12\/B_T_schmaler-300x112.png 300w, http:\/\/www.andechs-trail.de\/wp-content\/uploads\/2011\/12\/B_T_schmaler-500x187.png 500w\" sizes=\"auto, (max-width: 800px) 100vw, 800px\" \/><\/p>\n","protected":false},"excerpt":{"rendered":"<p>Expert Trail (\u00c4nderungen vorbehalten) Wir bitten euch aus Gr\u00fcnden des Wildschutzes den ersten Teil des Experts Trails nicht vorher abzulaufen! &nbsp; Beginner Trail (\u00c4nderungen vorbehalten)<\/p>\n","protected":false},"author":1,"featured_media":0,"parent":0,"menu_order":2,"comment_status":"closed","ping_status":"closed","template":"sidebar-page.php","meta":{"ngg_post_thumbnail":0,"footnotes":""},"class_list":["post-15","page","type-page","status-publish","hentry"],"_links":{"self":[{"href":"http:\/\/www.andechs-trail.de\/index.php?rest_route=\/wp\/v2\/pages\/15","targetHints":{"allow":["GET"]}}],"collection":[{"href":"http:\/\/www.andechs-trail.de\/index.php?rest_route=\/wp\/v2\/pages"}],"about":[{"href":"http:\/\/www.andechs-trail.de\/index.php?rest_route=\/wp\/v2\/types\/page"}],"author":[{"embeddable":true,"href":"http:\/\/www.andechs-trail.de\/index.php?rest_route=\/wp\/v2\/users\/1"}],"replies":[{"embeddable":true,"href":"http:\/\/www.andechs-trail.de\/index.php?rest_route=%2Fwp%2Fv2%2Fcomments&post=15"}],"version-history":[{"count":51,"href":"http:\/\/www.andechs-trail.de\/index.php?rest_route=\/wp\/v2\/pages\/15\/revisions"}],"predecessor-version":[{"id":594,"href":"http:\/\/www.andechs-trail.de\/index.php?rest_route=\/wp\/v2\/pages\/15\/revisions\/594"}],"wp:attachment":[{"href":"http:\/\/www.andechs-trail.de\/index.php?rest_route=%2Fwp%2Fv2%2Fmedia&parent=15"}],"curies":[{"name":"wp","href":"https:\/\/api.w.org\/{rel}","templated":true}]}}