{"id":37,"date":"2011-12-17T13:25:03","date_gmt":"2011-12-17T12:25:03","guid":{"rendered":"http:\/\/www.andechs-trail.de\/wordpress\/?page_id=37"},"modified":"2026-02-08T20:44:05","modified_gmt":"2026-02-08T20:44:05","slug":"registration","status":"publish","type":"page","link":"http:\/\/www.andechs-trail.de\/?page_id=37","title":{"rendered":"Anmeldung 2026"},"content":{"rendered":"\n<div class=\"wp-block-buttons is-layout-flex wp-block-buttons-is-layout-flex\">\n<div class=\"wp-block-button\"><a class=\"wp-block-button__link wp-element-button\" href=\"https:\/\/www.sportprogramme.org\/cakespg\/events\/menue\/5007\">ANMELDUNG<\/a><\/div>\n<\/div>\n\n\n\n<p><strong>Das Anmeldeportal ist geschlossen alle Startpl\u00e4tze sind vergeben. Wir haben ein strenges beh\u00f6rdliches Teilnehmerlimit und k\u00f6nnen auch keine Nachr\u00fcckerpl\u00e4tze anbieten<\/strong>.<\/p>\n","protected":false},"excerpt":{"rendered":"<p>Das Anmeldeportal ist geschlossen alle Startpl\u00e4tze sind vergeben. Wir haben ein strenges beh\u00f6rdliches Teilnehmerlimit und k\u00f6nnen auch keine Nachr\u00fcckerpl\u00e4tze anbieten.<\/p>\n","protected":false},"author":1,"featured_media":0,"parent":0,"menu_order":4,"comment_status":"closed","ping_status":"closed","template":"sidebar-page.php","meta":{"ngg_post_thumbnail":0,"footnotes":""},"class_list":["post-37","page","type-page","status-publish","hentry"],"_links":{"self":[{"href":"http:\/\/www.andechs-trail.de\/index.php?rest_route=\/wp\/v2\/pages\/37","targetHints":{"allow":["GET"]}}],"collection":[{"href":"http:\/\/www.andechs-trail.de\/index.php?rest_route=\/wp\/v2\/pages"}],"about":[{"href":"http:\/\/www.andechs-trail.de\/index.php?rest_route=\/wp\/v2\/types\/page"}],"author":[{"embeddable":true,"href":"http:\/\/www.andechs-trail.de\/index.php?rest_route=\/wp\/v2\/users\/1"}],"replies":[{"embeddable":true,"href":"http:\/\/www.andechs-trail.de\/index.php?rest_route=%2Fwp%2Fv2%2Fcomments&post=37"}],"version-history":[{"count":226,"href":"http:\/\/www.andechs-trail.de\/index.php?rest_route=\/wp\/v2\/pages\/37\/revisions"}],"predecessor-version":[{"id":1981,"href":"http:\/\/www.andechs-trail.de\/index.php?rest_route=\/wp\/v2\/pages\/37\/revisions\/1981"}],"wp:attachment":[{"href":"http:\/\/www.andechs-trail.de\/index.php?rest_route=%2Fwp%2Fv2%2Fmedia&parent=37"}],"curies":[{"name":"wp","href":"https:\/\/api.w.org\/{rel}","templated":true}]}}